{"id":3083,"date":"2025-09-11T15:08:22","date_gmt":"2025-09-11T15:08:22","guid":{"rendered":"https:\/\/optiala.fi\/?page_id=3083"},"modified":"2025-10-22T08:05:23","modified_gmt":"2025-10-22T08:05:23","slug":"raahe","status":"publish","type":"page","link":"https:\/\/optiala.fi\/sv\/ajanvaraus\/raahe\/","title":{"rendered":"Ajanvaraus Raahe"},"content":{"rendered":"<div data-elementor-type=\"wp-page\" data-elementor-id=\"3083\" class=\"elementor elementor-3083\" data-elementor-post-type=\"page\">\n\t\t\t\t<div class=\"elementor-element elementor-element-c637077 e-flex e-con-boxed e-con e-parent\" data-id=\"c637077\" data-element_type=\"container\">\n\t\t\t\t\t<div class=\"e-con-inner\">\n\t\t\t\t<div class=\"elementor-element elementor-element-b113371 elementor-widget elementor-widget-heading\" data-id=\"b113371\" data-element_type=\"widget\" data-widget_type=\"heading.default\">\n\t\t\t\t<div class=\"elementor-widget-container\">\n\t\t\t\t\t<h2 class=\"elementor-heading-title elementor-size-default\">Ajanvaraus<\/h2>\t\t\t\t<\/div>\n\t\t\t\t<\/div>\n\t\t\t\t\t<\/div>\n\t\t\t\t<\/div>\n\t\t<div class=\"elementor-element elementor-element-4abb117 e-con-full e-flex e-con e-parent\" data-id=\"4abb117\" data-element_type=\"container\">\n\t\t\t\t<div class=\"elementor-element elementor-element-256ad1b elementor-align-center elementor-widget elementor-widget-button\" data-id=\"256ad1b\" data-element_type=\"widget\" data-widget_type=\"button.default\">\n\t\t\t\t<div class=\"elementor-widget-container\">\n\t\t\t\t\t\t\t\t\t<div class=\"elementor-button-wrapper\">\n\t\t\t\t\t<a class=\"elementor-button elementor-button-link elementor-size-sm\" href=\"https:\/\/www.verkkoajanvaraus.fi\/va40\/https:\/\/www.verkkoajanvaraus.fi\/va40\/\" target=\"_blank\" id=\"ajanvaraus-raahe\">\n\t\t\t\t\t\t<span class=\"elementor-button-content-wrapper\">\n\t\t\t\t\t\t\t\t\t<span class=\"elementor-button-text\">Varaa aika Pattijoen Silm\u00e4kulmaan<\/span>\n\t\t\t\t\t<\/span>\n\t\t\t\t\t<\/a>\n\t\t\t\t<\/div>\n\t\t\t\t\t\t\t\t<\/div>\n\t\t\t\t<\/div>\n\t\t\t\t<\/div>\n\t\t<div class=\"elementor-element elementor-element-6cc3c96 e-flex e-con-boxed e-con e-parent\" data-id=\"6cc3c96\" data-element_type=\"container\">\n\t\t\t\t\t<div class=\"e-con-inner\">\n\t\t\t\t<div class=\"elementor-element elementor-element-ac3358f elementor-widget__width-initial elementor-widget-mobile__width-initial animated-slow elementor--h-position-center elementor--v-position-middle elementor-arrows-position-inside elementor-pagination-position-inside elementor-invisible elementor-widget elementor-widget-slides\" data-id=\"ac3358f\" data-element_type=\"widget\" data-settings=\"{&quot;autoplay_speed&quot;:4000,&quot;transition&quot;:&quot;fade&quot;,&quot;_animation&quot;:&quot;fadeInUp&quot;,&quot;_animation_delay&quot;:50,&quot;navigation&quot;:&quot;both&quot;,&quot;autoplay&quot;:&quot;yes&quot;,&quot;infinite&quot;:&quot;yes&quot;,&quot;transition_speed&quot;:500}\" data-widget_type=\"slides.default\">\n\t\t\t\t<div class=\"elementor-widget-container\">\n\t\t\t\t\t\t\t\t\t<div class=\"elementor-swiper\">\n\t\t\t\t\t<div class=\"elementor-slides-wrapper elementor-main-swiper swiper\" role=\"region\" aria-roledescription=\"carousel\" aria-label=\"Slides\" dir=\"ltr\" data-animation=\"zoomIn\">\n\t\t\t\t<div class=\"swiper-wrapper elementor-slides\">\n\t\t\t\t\t\t\t\t\t\t<div class=\"elementor-repeater-item-b52eebd swiper-slide\" role=\"group\" aria-roledescription=\"slide\"><div class=\"swiper-slide-bg\" role=\"img\"><\/div><div class=\"swiper-slide-inner\" ><div class=\"swiper-slide-contents\"><\/div><\/div><\/div><div class=\"elementor-repeater-item-1c73b63 swiper-slide\" role=\"group\" aria-roledescription=\"slide\"><div class=\"swiper-slide-bg\" role=\"img\"><\/div><div class=\"swiper-slide-inner\" ><div class=\"swiper-slide-contents\"><\/div><\/div><\/div><div class=\"elementor-repeater-item-9bdb046 swiper-slide\" role=\"group\" aria-roledescription=\"slide\"><div class=\"swiper-slide-bg\" role=\"img\"><\/div><div class=\"swiper-slide-inner\" ><div class=\"swiper-slide-contents\"><\/div><\/div><\/div>\t\t\t\t<\/div>\n\t\t\t\t\t\t\t\t\t\t\t\t\t\t\t<div class=\"elementor-swiper-button elementor-swiper-button-prev\" role=\"button\" tabindex=\"0\" aria-label=\"Previous slide\">\n\t\t\t\t\t\t\t<svg aria-hidden=\"true\" class=\"e-font-icon-svg e-eicon-chevron-left\" viewbox=\"0 0 1000 1000\" xmlns=\"http:\/\/www.w3.org\/2000\/svg\"><path d=\"M646 125C629 125 613 133 604 142L308 442C296 454 292 471 292 487 292 504 296 521 308 533L604 854C617 867 629 875 646 875 663 875 679 871 692 858 704 846 713 829 713 812 713 796 708 779 692 767L438 487 692 225C700 217 708 204 708 187 708 171 704 154 692 142 675 129 663 125 646 125Z\"><\/path><\/svg>\t\t\t\t\t\t<\/div>\n\t\t\t\t\t\t<div class=\"elementor-swiper-button elementor-swiper-button-next\" role=\"button\" tabindex=\"0\" aria-label=\"Next slide\">\n\t\t\t\t\t\t\t<svg aria-hidden=\"true\" class=\"e-font-icon-svg e-eicon-chevron-right\" viewbox=\"0 0 1000 1000\" xmlns=\"http:\/\/www.w3.org\/2000\/svg\"><path d=\"M696 533C708 521 713 504 713 487 713 471 708 454 696 446L400 146C388 133 375 125 354 125 338 125 325 129 313 142 300 154 292 171 292 187 292 204 296 221 308 233L563 492 304 771C292 783 288 800 288 817 288 833 296 850 308 863 321 871 338 875 354 875 371 875 388 867 400 854L696 533Z\"><\/path><\/svg>\t\t\t\t\t\t<\/div>\n\t\t\t\t\t\t\t\t\t\t\t\t\t\t\t\t<div class=\"swiper-pagination\"><\/div>\n\t\t\t\t\t\t\t\t\t\t\t\t<\/div>\n\t\t\t\t<\/div>\n\t\t\t\t\t\t\t\t<\/div>\n\t\t\t\t<\/div>\n\t\t\t\t\t<\/div>\n\t\t\t\t<\/div>\n\t\t<div class=\"elementor-element elementor-element-27f82a0 e-flex e-con-boxed e-con e-parent\" data-id=\"27f82a0\" data-element_type=\"container\" data-settings=\"{&quot;background_background&quot;:&quot;classic&quot;}\">\n\t\t\t\t\t<div class=\"e-con-inner\">\n\t\t\t\t<div class=\"elementor-element elementor-element-0656171 elementor-widget-divider--view-line elementor-widget elementor-widget-divider\" data-id=\"0656171\" data-element_type=\"widget\" data-widget_type=\"divider.default\">\n\t\t\t\t<div class=\"elementor-widget-container\">\n\t\t\t\t\t\t\t<div class=\"elementor-divider\">\n\t\t\t<span class=\"elementor-divider-separator\">\n\t\t\t\t\t\t<\/span>\n\t\t<\/div>\n\t\t\t\t\t\t<\/div>\n\t\t\t\t<\/div>\n\t\t\t\t<div class=\"elementor-element elementor-element-633ab9f elementor-widget__width-inherit elementor-widget elementor-widget-heading\" data-id=\"633ab9f\" data-element_type=\"widget\" data-widget_type=\"heading.default\">\n\t\t\t\t<div class=\"elementor-widget-container\">\n\t\t\t\t\t<h2 class=\"elementor-heading-title elementor-size-default\">Seuraa meit\u00e4 somekanavilla<\/h2>\t\t\t\t<\/div>\n\t\t\t\t<\/div>\n\t\t\t\t<div class=\"elementor-element elementor-element-057bfab elementor-widget__width-inherit elementor-widget elementor-widget-text-editor\" data-id=\"057bfab\" data-element_type=\"widget\" data-widget_type=\"text-editor.default\">\n\t\t\t\t<div class=\"elementor-widget-container\">\n\t\t\t\t\t\t\t\t\t<p>Seuraamalla meit\u00e4 sosiaalisen median kanavillamme, pysyt ajantasalla myym\u00e4l\u00f6iss\u00e4mme j\u00e4rjestett\u00e4vist\u00e4 tapahtumista\u00a0<\/p><p>ja p\u00e4\u00e4set kurkistamaan optikkoliikkeen arkeen.<\/p>\t\t\t\t\t\t\t\t<\/div>\n\t\t\t\t<\/div>\n\t\t\t\t<div class=\"elementor-element elementor-element-a347477 elementor-shape-rounded elementor-grid-0 e-grid-align-center elementor-widget elementor-widget-social-icons\" data-id=\"a347477\" data-element_type=\"widget\" data-widget_type=\"social-icons.default\">\n\t\t\t\t<div class=\"elementor-widget-container\">\n\t\t\t\t\t\t\t<div class=\"elementor-social-icons-wrapper elementor-grid\" role=\"list\">\n\t\t\t\t\t\t\t<span class=\"elementor-grid-item\" role=\"listitem\">\n\t\t\t\t\t<a class=\"elementor-icon elementor-social-icon elementor-social-icon-facebook elementor-repeater-item-43ff004\" href=\"https:\/\/www.facebook.com\/optiala\/\" target=\"_blank\">\n\t\t\t\t\t\t<span class=\"elementor-screen-only\">Facebook<\/span>\n\t\t\t\t\t\t<svg class=\"e-font-icon-svg e-fab-facebook\" viewbox=\"0 0 512 512\" xmlns=\"http:\/\/www.w3.org\/2000\/svg\"><path d=\"M504 256C504 119 393 8 256 8S8 119 8 256c0 123.78 90.69 226.38 209.25 245V327.69h-63V256h63v-54.64c0-62.15 37-96.48 93.67-96.48 27.14 0 55.52 4.84 55.52 4.84v61h-31.28c-30.8 0-40.41 19.12-40.41 38.73V256h68.78l-11 71.69h-57.78V501C413.31 482.38 504 379.78 504 256z\"><\/path><\/svg>\t\t\t\t\t<\/a>\n\t\t\t\t<\/span>\n\t\t\t\t\t\t\t<span class=\"elementor-grid-item\" role=\"listitem\">\n\t\t\t\t\t<a class=\"elementor-icon elementor-social-icon elementor-social-icon-instagram elementor-repeater-item-2bb87c6\" href=\"https:\/\/www.instagram.com\/nakokeskus\/?hl=fi\" target=\"_blank\">\n\t\t\t\t\t\t<span class=\"elementor-screen-only\">Instagram<\/span>\n\t\t\t\t\t\t<svg class=\"e-font-icon-svg e-fab-instagram\" viewbox=\"0 0 448 512\" xmlns=\"http:\/\/www.w3.org\/2000\/svg\"><path d=\"M224.1 141c-63.6 0-114.9 51.3-114.9 114.9s51.3 114.9 114.9 114.9S339 319.5 339 255.9 287.7 141 224.1 141zm0 189.6c-41.1 0-74.7-33.5-74.7-74.7s33.5-74.7 74.7-74.7 74.7 33.5 74.7 74.7-33.6 74.7-74.7 74.7zm146.4-194.3c0 14.9-12 26.8-26.8 26.8-14.9 0-26.8-12-26.8-26.8s12-26.8 26.8-26.8 26.8 12 26.8 26.8zm76.1 27.2c-1.7-35.9-9.9-67.7-36.2-93.9-26.2-26.2-58-34.4-93.9-36.2-37-2.1-147.9-2.1-184.9 0-35.8 1.7-67.6 9.9-93.9 36.1s-34.4 58-36.2 93.9c-2.1 37-2.1 147.9 0 184.9 1.7 35.9 9.9 67.7 36.2 93.9s58 34.4 93.9 36.2c37 2.1 147.9 2.1 184.9 0 35.9-1.7 67.7-9.9 93.9-36.2 26.2-26.2 34.4-58 36.2-93.9 2.1-37 2.1-147.8 0-184.8zM398.8 388c-7.8 19.6-22.9 34.7-42.6 42.6-29.5 11.7-99.5 9-132.1 9s-102.7 2.6-132.1-9c-19.6-7.8-34.7-22.9-42.6-42.6-11.7-29.5-9-99.5-9-132.1s-2.6-102.7 9-132.1c7.8-19.6 22.9-34.7 42.6-42.6 29.5-11.7 99.5-9 132.1-9s102.7-2.6 132.1 9c19.6 7.8 34.7 22.9 42.6 42.6 11.7 29.5 9 99.5 9 132.1s2.7 102.7-9 132.1z\"><\/path><\/svg>\t\t\t\t\t<\/a>\n\t\t\t\t<\/span>\n\t\t\t\t\t<\/div>\n\t\t\t\t\t\t<\/div>\n\t\t\t\t<\/div>\n\t\t\t\t\t<\/div>\n\t\t\t\t<\/div>\n\t\t<div class=\"elementor-element elementor-element-224d87b e-con-full e-flex e-con e-parent\" data-id=\"224d87b\" data-element_type=\"container\">\n\t\t\t\t<div class=\"elementor-element elementor-element-bb774bd elementor-widget elementor-widget-image-carousel\" data-id=\"bb774bd\" data-element_type=\"widget\" data-settings=\"{&quot;slides_to_show&quot;:&quot;6&quot;,&quot;slides_to_scroll&quot;:&quot;6&quot;,&quot;navigation&quot;:&quot;none&quot;,&quot;autoplay&quot;:&quot;yes&quot;,&quot;pause_on_hover&quot;:&quot;yes&quot;,&quot;pause_on_interaction&quot;:&quot;yes&quot;,&quot;autoplay_speed&quot;:5000,&quot;infinite&quot;:&quot;yes&quot;,&quot;speed&quot;:500}\" data-widget_type=\"image-carousel.default\">\n\t\t\t\t<div class=\"elementor-widget-container\">\n\t\t\t\t\t\t\t<div class=\"elementor-image-carousel-wrapper swiper\" role=\"region\" aria-roledescription=\"carousel\" aria-label=\"Image Carousel\" dir=\"ltr\">\n\t\t\t<div class=\"elementor-image-carousel swiper-wrapper\" aria-live=\"off\">\n\t\t\t\t\t\t\t\t<div class=\"swiper-slide\" role=\"group\" aria-roledescription=\"slide\" aria-label=\"1 of 6\"><figure class=\"swiper-slide-inner\"><img decoding=\"async\" class=\"swiper-slide-image\" src=\"https:\/\/optiala.fi\/wp-content\/uploads\/2025\/03\/Screenshot_14.webp\" alt=\"Screenshot_14\" \/><\/figure><\/div><div class=\"swiper-slide\" role=\"group\" aria-roledescription=\"slide\" aria-label=\"2 of 6\"><figure class=\"swiper-slide-inner\"><img decoding=\"async\" class=\"swiper-slide-image\" src=\"https:\/\/optiala.fi\/wp-content\/uploads\/2025\/03\/Screenshot_15.webp\" alt=\"Screenshot_15\" \/><\/figure><\/div><div class=\"swiper-slide\" role=\"group\" aria-roledescription=\"slide\" aria-label=\"3 of 6\"><figure class=\"swiper-slide-inner\"><img decoding=\"async\" class=\"swiper-slide-image\" src=\"https:\/\/optiala.fi\/wp-content\/uploads\/2025\/03\/Screenshot_16.webp\" alt=\"Screenshot_16\" \/><\/figure><\/div><div class=\"swiper-slide\" role=\"group\" aria-roledescription=\"slide\" aria-label=\"4 of 6\"><figure class=\"swiper-slide-inner\"><img decoding=\"async\" class=\"swiper-slide-image\" src=\"https:\/\/optiala.fi\/wp-content\/uploads\/2025\/03\/Screenshot_17.webp\" alt=\"Screenshot_17\" \/><\/figure><\/div><div class=\"swiper-slide\" role=\"group\" aria-roledescription=\"slide\" aria-label=\"5 of 6\"><figure class=\"swiper-slide-inner\"><img decoding=\"async\" class=\"swiper-slide-image\" src=\"https:\/\/optiala.fi\/wp-content\/uploads\/2025\/03\/Screenshot_18.webp\" alt=\"Screenshot_18\" \/><\/figure><\/div><div class=\"swiper-slide\" role=\"group\" aria-roledescription=\"slide\" aria-label=\"6 of 6\"><figure class=\"swiper-slide-inner\"><img decoding=\"async\" class=\"swiper-slide-image\" src=\"https:\/\/optiala.fi\/wp-content\/uploads\/2025\/03\/Screenshot_19.webp\" alt=\"Screenshot_19\" \/><\/figure><\/div>\t\t\t<\/div>\n\t\t\t\t\t\t\t\n\t\t\t\t\t\t\t\t\t<\/div>\n\t\t\t\t\t\t<\/div>\n\t\t\t\t<\/div>\n\t\t\t\t<\/div>\n\t\t\t\t<\/div>","protected":false},"excerpt":{"rendered":"<p>Ajanvaraus Varaa aika Pattijoen Silm\u00e4kulmaan Seuraa meit\u00e4 somekanavilla Seuraamalla meit\u00e4 sosiaalisen median kanavillamme, pysyt ajantasalla myym\u00e4l\u00f6iss\u00e4mme j\u00e4rjestett\u00e4vist\u00e4 tapahtumista\u00a0 ja p\u00e4\u00e4set [&hellip;]<\/p>","protected":false},"author":2,"featured_media":0,"parent":2683,"menu_order":0,"comment_status":"closed","ping_status":"closed","template":"elementor_header_footer","meta":{"_improvement_type_select":"improve_an_existing","_thumb_yes_seoaic":false,"_frame_yes_seoaic":false,"seoaic_generate_description":"","seoaic_improve_instructions_prompt":"","seoaic_rollback_content_improvement":"","seoaic_idea_thumbnail_generator":"","thumbnail_generated":false,"thumbnail_generate_prompt":"","seoaic_article_description":"","site-sidebar-layout":"no-sidebar","site-content-layout":"","ast-site-content-layout":"full-width-container","site-content-style":"default","site-sidebar-style":"default","ast-global-header-display":"","ast-banner-title-visibility":"","ast-main-header-display":"","ast-hfb-above-header-display":"","ast-hfb-below-header-display":"","ast-hfb-mobile-header-display":"","site-post-title":"disabled","ast-breadcrumbs-content":"","ast-featured-img":"disabled","footer-sml-layout":"","theme-transparent-header-meta":"","adv-header-id-meta":"","stick-header-meta":"","header-above-stick-meta":"","header-main-stick-meta":"","header-below-stick-meta":"","astra-migrate-meta-layouts":"default","ast-page-background-enabled":"default","ast-page-background-meta":{"desktop":{"background-color":"var(--ast-global-color-5)","background-image":"","background-repeat":"repeat","background-position":"center center","background-size":"auto","background-attachment":"scroll","background-type":"","background-media":"","overlay-type":"","overlay-color":"","overlay-opacity":"","overlay-gradient":""},"tablet":{"background-color":"","background-image":"","background-repeat":"repeat","background-position":"center center","background-size":"auto","background-attachment":"scroll","background-type":"","background-media":"","overlay-type":"","overlay-color":"","overlay-opacity":"","overlay-gradient":""},"mobile":{"background-color":"","background-image":"","background-repeat":"repeat","background-position":"center center","background-size":"auto","background-attachment":"scroll","background-type":"","background-media":"","overlay-type":"","overlay-color":"","overlay-opacity":"","overlay-gradient":""}},"ast-content-background-meta":{"desktop":{"background-color":"var(--ast-global-color-4)","background-image":"","background-repeat":"repeat","background-position":"center center","background-size":"auto","background-attachment":"scroll","background-type":"","background-media":"","overlay-type":"","overlay-color":"","overlay-opacity":"","overlay-gradient":""},"tablet":{"background-color":"var(--ast-global-color-4)","background-image":"","background-repeat":"repeat","background-position":"center center","background-size":"auto","background-attachment":"scroll","background-type":"","background-media":"","overlay-type":"","overlay-color":"","overlay-opacity":"","overlay-gradient":""},"mobile":{"background-color":"var(--ast-global-color-4)","background-image":"","background-repeat":"repeat","background-position":"center center","background-size":"auto","background-attachment":"scroll","background-type":"","background-media":"","overlay-type":"","overlay-color":"","overlay-opacity":"","overlay-gradient":""}},"footnotes":""},"class_list":["post-3083","page","type-page","status-publish","hentry"],"yoast_head":"<!-- This site is optimized with the Yoast SEO plugin v25.9 - https:\/\/yoast.com\/wordpress\/plugins\/seo\/ -->\n<title>Ajanvaraus Raahe - N\u00e4k\u00f6keskus &amp; Silm\u00e4kulma<\/title>\n<meta name=\"robots\" content=\"index, follow, max-snippet:-1, max-image-preview:large, max-video-preview:-1\" \/>\n<link rel=\"canonical\" href=\"https:\/\/optiala.fi\/sv\/ajanvaraus\/raahe\/\" \/>\n<meta property=\"og:locale\" content=\"sv_SE\" \/>\n<meta property=\"og:type\" content=\"article\" \/>\n<meta property=\"og:title\" content=\"Ajanvaraus Raahe - N\u00e4k\u00f6keskus &amp; Silm\u00e4kulma\" \/>\n<meta property=\"og:description\" content=\"Ajanvaraus Varaa aika Pattijoen Silm\u00e4kulmaan Seuraa meit\u00e4 somekanavilla Seuraamalla meit\u00e4 sosiaalisen median kanavillamme, pysyt ajantasalla myym\u00e4l\u00f6iss\u00e4mme j\u00e4rjestett\u00e4vist\u00e4 tapahtumista\u00a0 ja p\u00e4\u00e4set [&hellip;]\" \/>\n<meta property=\"og:url\" content=\"https:\/\/optiala.fi\/sv\/ajanvaraus\/raahe\/\" \/>\n<meta property=\"og:site_name\" content=\"N\u00e4k\u00f6keskus &amp; Silm\u00e4kulma\" \/>\n<meta property=\"article:modified_time\" content=\"2025-10-22T08:05:23+00:00\" \/>\n<meta property=\"og:image\" content=\"https:\/\/optiala.fi\/wp-content\/uploads\/2025\/03\/Screenshot_14.webp\" \/>\n<meta name=\"twitter:card\" content=\"summary_large_image\" \/>\n<meta name=\"twitter:label1\" content=\"Ber\u00e4knad l\u00e4stid\" \/>\n\t<meta name=\"twitter:data1\" content=\"4 minuter\" \/>\n<script type=\"application\/ld+json\" class=\"yoast-schema-graph\">{\"@context\":\"https:\/\/schema.org\",\"@graph\":[{\"@type\":\"WebPage\",\"@id\":\"https:\/\/optiala.fi\/ajanvaraus\/raahe\/\",\"url\":\"https:\/\/optiala.fi\/ajanvaraus\/raahe\/\",\"name\":\"Ajanvaraus Raahe - N\u00e4k\u00f6keskus &amp; Silm\u00e4kulma\",\"isPartOf\":{\"@id\":\"https:\/\/optiala.fi\/#website\"},\"primaryImageOfPage\":{\"@id\":\"https:\/\/optiala.fi\/ajanvaraus\/raahe\/#primaryimage\"},\"image\":{\"@id\":\"https:\/\/optiala.fi\/ajanvaraus\/raahe\/#primaryimage\"},\"thumbnailUrl\":\"https:\/\/optiala.fi\/wp-content\/uploads\/2025\/03\/Screenshot_14.webp\",\"datePublished\":\"2025-09-11T15:08:22+00:00\",\"dateModified\":\"2025-10-22T08:05:23+00:00\",\"breadcrumb\":{\"@id\":\"https:\/\/optiala.fi\/ajanvaraus\/raahe\/#breadcrumb\"},\"inLanguage\":\"sv-SE\",\"potentialAction\":[{\"@type\":\"ReadAction\",\"target\":[\"https:\/\/optiala.fi\/ajanvaraus\/raahe\/\"]}]},{\"@type\":\"ImageObject\",\"inLanguage\":\"sv-SE\",\"@id\":\"https:\/\/optiala.fi\/ajanvaraus\/raahe\/#primaryimage\",\"url\":\"https:\/\/optiala.fi\/wp-content\/uploads\/2025\/03\/Screenshot_14.webp\",\"contentUrl\":\"https:\/\/optiala.fi\/wp-content\/uploads\/2025\/03\/Screenshot_14.webp\"},{\"@type\":\"BreadcrumbList\",\"@id\":\"https:\/\/optiala.fi\/ajanvaraus\/raahe\/#breadcrumb\",\"itemListElement\":[{\"@type\":\"ListItem\",\"position\":1,\"name\":\"Etusivu\",\"item\":\"https:\/\/optiala.fi\/\"},{\"@type\":\"ListItem\",\"position\":2,\"name\":\"Ajanvaraus\",\"item\":\"https:\/\/optiala.fi\/ajanvaraus\/\"},{\"@type\":\"ListItem\",\"position\":3,\"name\":\"Ajanvaraus Raahe\"}]},{\"@type\":\"WebSite\",\"@id\":\"https:\/\/optiala.fi\/#website\",\"url\":\"https:\/\/optiala.fi\/\",\"name\":\"N\u00e4k\u00f6keskus &amp; Silm\u00e4kulma\",\"description\":\"Viihtyis\u00e4 ja palveleva optikkoliike.\",\"potentialAction\":[{\"@type\":\"SearchAction\",\"target\":{\"@type\":\"EntryPoint\",\"urlTemplate\":\"https:\/\/optiala.fi\/?s={search_term_string}\"},\"query-input\":{\"@type\":\"PropertyValueSpecification\",\"valueRequired\":true,\"valueName\":\"search_term_string\"}}],\"inLanguage\":\"sv-SE\"}]}<\/script>\n<!-- \/ Yoast SEO plugin. -->","yoast_head_json":{"title":"Ajanvaraus Raahe - N\u00e4k\u00f6keskus &amp; Silm\u00e4kulma","robots":{"index":"index","follow":"follow","max-snippet":"max-snippet:-1","max-image-preview":"max-image-preview:large","max-video-preview":"max-video-preview:-1"},"canonical":"https:\/\/optiala.fi\/sv\/ajanvaraus\/raahe\/","og_locale":"sv_SE","og_type":"article","og_title":"Ajanvaraus Raahe - N\u00e4k\u00f6keskus &amp; Silm\u00e4kulma","og_description":"Ajanvaraus Varaa aika Pattijoen Silm\u00e4kulmaan Seuraa meit\u00e4 somekanavilla Seuraamalla meit\u00e4 sosiaalisen median kanavillamme, pysyt ajantasalla myym\u00e4l\u00f6iss\u00e4mme j\u00e4rjestett\u00e4vist\u00e4 tapahtumista\u00a0 ja p\u00e4\u00e4set [&hellip;]","og_url":"https:\/\/optiala.fi\/sv\/ajanvaraus\/raahe\/","og_site_name":"N\u00e4k\u00f6keskus &amp; Silm\u00e4kulma","article_modified_time":"2025-10-22T08:05:23+00:00","og_image":[{"url":"https:\/\/optiala.fi\/wp-content\/uploads\/2025\/03\/Screenshot_14.webp","type":"","width":"","height":""}],"twitter_card":"summary_large_image","twitter_misc":{"Ber\u00e4knad l\u00e4stid":"4 minuter"},"schema":{"@context":"https:\/\/schema.org","@graph":[{"@type":"WebPage","@id":"https:\/\/optiala.fi\/ajanvaraus\/raahe\/","url":"https:\/\/optiala.fi\/ajanvaraus\/raahe\/","name":"Ajanvaraus Raahe - N\u00e4k\u00f6keskus &amp; Silm\u00e4kulma","isPartOf":{"@id":"https:\/\/optiala.fi\/#website"},"primaryImageOfPage":{"@id":"https:\/\/optiala.fi\/ajanvaraus\/raahe\/#primaryimage"},"image":{"@id":"https:\/\/optiala.fi\/ajanvaraus\/raahe\/#primaryimage"},"thumbnailUrl":"https:\/\/optiala.fi\/wp-content\/uploads\/2025\/03\/Screenshot_14.webp","datePublished":"2025-09-11T15:08:22+00:00","dateModified":"2025-10-22T08:05:23+00:00","breadcrumb":{"@id":"https:\/\/optiala.fi\/ajanvaraus\/raahe\/#breadcrumb"},"inLanguage":"sv-SE","potentialAction":[{"@type":"ReadAction","target":["https:\/\/optiala.fi\/ajanvaraus\/raahe\/"]}]},{"@type":"ImageObject","inLanguage":"sv-SE","@id":"https:\/\/optiala.fi\/ajanvaraus\/raahe\/#primaryimage","url":"https:\/\/optiala.fi\/wp-content\/uploads\/2025\/03\/Screenshot_14.webp","contentUrl":"https:\/\/optiala.fi\/wp-content\/uploads\/2025\/03\/Screenshot_14.webp"},{"@type":"BreadcrumbList","@id":"https:\/\/optiala.fi\/ajanvaraus\/raahe\/#breadcrumb","itemListElement":[{"@type":"ListItem","position":1,"name":"Etusivu","item":"https:\/\/optiala.fi\/"},{"@type":"ListItem","position":2,"name":"Ajanvaraus","item":"https:\/\/optiala.fi\/ajanvaraus\/"},{"@type":"ListItem","position":3,"name":"Ajanvaraus Raahe"}]},{"@type":"WebSite","@id":"https:\/\/optiala.fi\/#website","url":"https:\/\/optiala.fi\/","name":"N\u00e4k\u00f6keskus &amp; Silm\u00e4kulma","description":"Viihtyis\u00e4 ja palveleva optikkoliike.","potentialAction":[{"@type":"SearchAction","target":{"@type":"EntryPoint","urlTemplate":"https:\/\/optiala.fi\/?s={search_term_string}"},"query-input":{"@type":"PropertyValueSpecification","valueRequired":true,"valueName":"search_term_string"}}],"inLanguage":"sv-SE"}]}},"_links":{"self":[{"href":"https:\/\/optiala.fi\/sv\/wp-json\/wp\/v2\/pages\/3083","targetHints":{"allow":["GET"]}}],"collection":[{"href":"https:\/\/optiala.fi\/sv\/wp-json\/wp\/v2\/pages"}],"about":[{"href":"https:\/\/optiala.fi\/sv\/wp-json\/wp\/v2\/types\/page"}],"author":[{"embeddable":true,"href":"https:\/\/optiala.fi\/sv\/wp-json\/wp\/v2\/users\/2"}],"replies":[{"embeddable":true,"href":"https:\/\/optiala.fi\/sv\/wp-json\/wp\/v2\/comments?post=3083"}],"version-history":[{"count":7,"href":"https:\/\/optiala.fi\/sv\/wp-json\/wp\/v2\/pages\/3083\/revisions"}],"predecessor-version":[{"id":3360,"href":"https:\/\/optiala.fi\/sv\/wp-json\/wp\/v2\/pages\/3083\/revisions\/3360"}],"up":[{"embeddable":true,"href":"https:\/\/optiala.fi\/sv\/wp-json\/wp\/v2\/pages\/2683"}],"wp:attachment":[{"href":"https:\/\/optiala.fi\/sv\/wp-json\/wp\/v2\/media?parent=3083"}],"curies":[{"name":"wp","href":"https:\/\/api.w.org\/{rel}","templated":true}]}}